{"id":7,"date":"2014-08-13T09:37:18","date_gmt":"2014-08-13T09:37:18","guid":{"rendered":"http:\/\/37.59.110.24\/wordpress\/?page_id=4"},"modified":"2021-01-25T15:03:19","modified_gmt":"2021-01-25T12:03:19","slug":"produkter-och-service","status":"publish","type":"page","link":"https:\/\/awanic.fi\/swe\/produkter-och-service\/","title":{"rendered":"Produkter och service"},"content":{"rendered":"<div class=\"fusion-content-boxes content-boxes columns fusion-columns-1 fusion-content-boxes-1 content-boxes-icon-with-title row\">\n<div class=\"fusion-column content-box-column content-box-column-1 col-lg-12 col-md-12 col-sm-12\" id=\"haipro\"><div class=\"col content-wrapper\"><div class=\"heading heading-with-icon\"><div class=\"icon\"><i style=\"border-color:#1a80b6;;background-color:#1a80b6;;\" class=\"fa fontawesome-icon medium fa-bar-chart-o circle-yes\"><\/i><\/div><h2 class=\"content-box-heading\">HaiPro<\/h2><\/div><div class=\"content-container\">HaiPro \u00e4r en tillv\u00e4gag\u00e5ngs\u00e4tt och informationsteknologisk l\u00f6sning f\u00f6r rapportering av negativa h\u00e4ndelser och farliga situationer inom patients\u00e4kerhet. HaiPro verktyget anv\u00e4nds i mer \u00e4n 200 h\u00e4lso \u2013 och socialv\u00e5rdenheter i hela landet, det totala antalet anv\u00e4ndare p\u00e5 mer \u00e4n 140 000. Till och med arbetarskyddsrapportering samt verksamhetsmilj\u00f6- och dataskyddsdelar kan anslutas till systemet vid behov.<\/p>\n<p>HaiPro \u2013 rapporteringsystem \u00e4r avsett f\u00f6r intern utveckling inom enheter.<\/p>\n<p>HaiPros tillv\u00e4gag\u00e5ngs\u00e4tt \u00e4r baserad p\u00e5 ett frivilligt, konfidentiellt och icke-skuldbel\u00e4ggande rapportering och handl\u00e4ggning av avvikelser.<\/p>\n<ul>\n<li>L\u00e4tt att anv\u00e4nda<\/li>\n<li>Ingen installation kr\u00e4vs, bara internet uppkoppling och en webl\u00e4sare beh\u00f6vs<\/li>\n<li>Anm\u00e4lningar genom ett webbformul\u00e4r med hj\u00e4lp av en s\u00e4ker HTTPS-anslutning<\/li>\n<li>Handl\u00e4ggning och klassificering<\/li>\n<li>Realtidsrapporter fr\u00e5n alla niv\u00e5er inom organisationen<\/li>\n<li>Flexibel: vidareutveckling genomf\u00f6rs tillsammans med kundorganisationer<\/li>\n<\/ul>\n<p>Mer information: <a style=\"color: #006699;\" href=\"http:\/\/awanic.com\/haipro\/swe\">HaiPro<\/a><\/p>\n<\/div><\/div><\/div><div class=\"fusion-clearfix\"><\/div>\n<div class=\"fusion-column content-box-column content-box-column-2 col-lg-12 col-md-12 col-sm-12\" id=\"qpro\"><div class=\"col content-wrapper\"><div class=\"heading heading-with-icon\"><div class=\"icon\"><i style=\"border-color:#1a80b6;;background-color:#1a80b6;;\" class=\"fa fontawesome-icon medium fa-university circle-yes\"><\/i><\/div><h2 class=\"content-box-heading\">QPro<\/h2><\/div><div class=\"content-container\">Med hj\u00e4lp av QPro-verktyget kan organisationen skapa och publicera bl.a. s\u00e4kerhetsf\u00f6rfr\u00e5gningar. Qpro kan integreras med HaiPro systemet, s\u00e5 att en gemensam organisationstr\u00e4d och\u00a0 anv\u00e4ndarkontot kan utnyttjas.<\/div><\/div><\/div><div class=\"fusion-clearfix\"><\/div>\n<div class=\"fusion-column content-box-column content-box-column-3 col-lg-12 col-md-12 col-sm-12\"><div class=\"col content-wrapper\"><div class=\"heading heading-with-icon\"><div class=\"icon\"><i style=\"border-color:#1a80b6;;background-color:#1a80b6;;\" class=\"fa fontawesome-icon medium fa-check-square-o circle-yes\"><\/i><\/div><h2 class=\"content-box-heading\">QPro Feedback<\/h2><\/div><div class=\"content-container\">QPro Feedback \u00e4r ett feedback system som kan integreras med HaiPro systemet, s\u00e5 att en gemensam organisationstr\u00e4d, anv\u00e4ndarkontot och behandlingsprocess kan utnyttjas. Systemet kan anv\u00e4ndas f\u00f6r att samla in och klassificera t.ex. kund eller patient feedback. Realtidsrapporter p\u00e5 olika niv\u00e5er inom organisationen genereras automatiskt.<\/p>\n<ul>\n<li>Den s\u00e4kra HTTPS \u2013protokollet anv\u00e4nds i samband med webbformul\u00e4ret.<\/li>\n<li>I webbformul\u00e4ret organisationsniv\u00e5 \u00e4r definierbar f\u00f6r alla niv\u00e5er inom organisationen genom att anv\u00e4nda en startl\u00e4nk. M\u00f6jligt att integrera med HaiPros organisatoriska uppgifterna, kr\u00e4ver ingen speciell underh\u00e5llning.<\/li>\n<li>Fr\u00e5gor definierbar till varje organisationsniv\u00e5 (gemensam f\u00f6r alla, egna f\u00f6r resultatenheter).<\/li>\n<li>M\u00f6jligt att granska och skicka vidare feedback fr\u00e5n organisationsniv\u00e5 till enheterna.<\/li>\n<li>Om s\u00e5 \u00f6nskas, skickar systemet information fr\u00e5n en mottagen feedback till den som anges som handl\u00e4ggaren. Om inte annat \u00e4r specificerat, anv\u00e4nder systemet anv\u00e4ndarkontot i HaiPron, och d\u00e5 n\u00e5got s\u00e4rskilt underh\u00e5llning f\u00f6r handl\u00e4ggarinformation beh\u00f6vs inte.<\/li>\n<li>Feedback p\u00e5 papperform kan matas till systemet, och systemet uppt\u00e4cker automatiskt att den utf\u00f6rs inom organisationens eget n\u00e4t.<\/li>\n<\/ul>\n<\/div><\/div><\/div><div class=\"fusion-clearfix\"><\/div>\n<div class=\"fusion-column content-box-column content-box-column-4 col-lg-12 col-md-12 col-sm-12\" id=\"potra\"><div class=\"col content-wrapper\"><div class=\"heading heading-with-icon\"><div class=\"icon\"><i style=\"border-color:#1a80b6;;background-color:#1a80b6;;\" class=\"fa fontawesome-icon medium fa-bar-chart-o circle-yes\"><\/i><\/div><h2 class=\"content-box-heading\">PotRa<\/h2><\/div><div class=\"content-container\">PotRa \u00e4r en registrerings- och rapporteringsplattform f\u00f6r patientombudsm\u00e4n. I systemet kan lagras\u00a0 kontakter fr\u00e5n patienter och klassificera de samt registrera \u00e5tg\u00e4rder.<\/p>\n<ul>\n<li>L\u00e4tt att anv\u00e4nda<\/li>\n<li>Ingen installation kr\u00e4vs, bara internet uppkoppling och en webl\u00e4sare beh\u00f6vs<\/li>\n<li>Lagring av kontakter, handl\u00e4ggning och klassificering<\/li>\n<li>Realtidsrapporter<\/li>\n<li>Kan integreras med HaiPros anv\u00e4ndaruppgifter<\/li>\n<\/ul>\n<\/div><\/div><\/div><div class=\"fusion-clearfix\"><\/div>\n<div class=\"fusion-column content-box-column content-box-column-5 col-lg-12 col-md-12 col-sm-12\" id=\"love\"><div class=\"col content-wrapper\"><div class=\"heading heading-with-icon\"><div class=\"icon\"><i style=\"border-color:#1a80b6;;background-color:#1a80b6;;\" class=\"fa fontawesome-icon medium fa-graduation-cap circle-yes\"><\/i><\/div><h2 class=\"content-box-heading\">LOVe \u2013 n\u00e4tutbildning i l\u00e4kemedelsbehandling<\/h2><\/div><div class=\"content-container\">LOVe-n\u00e4tutbildningsmaterial \u00e4r avsedd f\u00f6r personal inom social- och h\u00e4lsov\u00e5rden som genomf\u00f6r l\u00e4kemedelsbehandling. Materialet har producerats av experter fr\u00e5n Kuopio universitetssjukhus. Utbildningsmaterialet \u00e4r baserat p\u00e5 Social- och h\u00e4lsov\u00e5rdsministeriets handbok f\u00f6r S\u00e4ker l\u00e4kemedelsbehandling, och ger m\u00f6jligheten att uppr\u00e4tth\u00e5lla yrkeskompetens. Studiematerialet anv\u00e4nds omfattande i Finland.<\/p>\n<p>Mer information: <a style=\"color: #006699;\" href=\"http:\/\/laakeosaaminen.fi\/swe\/\">laakeosaaminen.fi<\/a><\/div><\/div><\/div><div class=\"fusion-clearfix\"><\/div>\n<div class=\"fusion-column content-box-column content-box-column-6 col-lg-12 col-md-12 col-sm-12\" id=\"save\"><div class=\"col content-wrapper\"><div class=\"heading heading-with-icon\"><div class=\"icon\"><i style=\"border-color:#1a80b6;;background-color:#1a80b6;;\" class=\"fa fontawesome-icon medium fa-graduation-cap circle-yes\"><\/i><\/div><h2 class=\"content-box-heading\">S\u00c4Ve eller str\u00e5lskydd n\u00e4tutbildning<\/h2><\/div><div class=\"content-container\">Sakkunniga fr\u00e5n Mellersta Finlands sjukv\u00e5rdsdistrikt har producerat materialet f\u00f6r S\u00c4Ve eller str\u00e5lskydd n\u00e4tutbildning. Kursens material motsvarar STUK:s\u00a0 anvisningar om fortbildning (1.7.). I den h\u00e4r kursen kan olika yrkesgrupper \u00a0utf\u00f6ra delar av fortbildningsplikten. \u00a0S\u00c4Ve eller str\u00e5lskydd n\u00e4tutbildning \u00e4r avsedd f\u00f6r alla som arbetar med str\u00e5lning.<\/p>\n<p>Mer information: <a style=\"color: #006699;\" href=\"http:\/\/www.sateilysuojelu.fi\/\">sateilysuojelu.fi<\/a><\/div><\/div><\/div><div class=\"fusion-clearfix\"><\/div>\n<div class=\"fusion-clearfix\"><\/div><\/div>\n<style type='text\/css'>.reading-box-container-1 .element-bottomshadow:before,.reading-box-container-1 .element-bottomshadow:after{opacity:0.1;}<\/style><div class=\"fusion-reading-box-container reading-box-container-1\"><section class=\"reading-box\" style=\"background-color:#f6f6f6;border-width:1px;border-color:#f6f6f6;border-top-width:3px;border-top-color:#1a80b6;border-style:solid;\"><a class=\"button fusion-button button-default default button-square button-large large button-flat continue continue-right\" href=\"?page_id=8\" target=\"_self\" type=\"button\"><span>Kontakta oss!<\/span><\/a><h2>Kontakta oss, om du vill ha mer information om v\u00e5ra produkter och service!<\/h2><a class=\"button fusion-button button-default default button-square button-large large button-flat mobile-button continue-right\" href=\"?page_id=8\" target=\"_self\" type=\"button\"><span>Kontakta oss!<\/span><\/a><\/section><\/div>\n","protected":false},"excerpt":{"rendered":"","protected":false},"author":1,"featured_media":0,"parent":0,"menu_order":0,"comment_status":"open","ping_status":"open","template":"full-width.php","meta":{"footnotes":""},"_links":{"self":[{"href":"https:\/\/awanic.fi\/swe\/wp-json\/wp\/v2\/pages\/7"}],"collection":[{"href":"https:\/\/awanic.fi\/swe\/wp-json\/wp\/v2\/pages"}],"about":[{"href":"https:\/\/awanic.fi\/swe\/wp-json\/wp\/v2\/types\/page"}],"author":[{"embeddable":true,"href":"https:\/\/awanic.fi\/swe\/wp-json\/wp\/v2\/users\/1"}],"replies":[{"embeddable":true,"href":"https:\/\/awanic.fi\/swe\/wp-json\/wp\/v2\/comments?post=7"}],"version-history":[{"count":10,"href":"https:\/\/awanic.fi\/swe\/wp-json\/wp\/v2\/pages\/7\/revisions"}],"predecessor-version":[{"id":119,"href":"https:\/\/awanic.fi\/swe\/wp-json\/wp\/v2\/pages\/7\/revisions\/119"}],"wp:attachment":[{"href":"https:\/\/awanic.fi\/swe\/wp-json\/wp\/v2\/media?parent=7"}],"curies":[{"name":"wp","href":"https:\/\/api.w.org\/{rel}","templated":true}]}}