{"id":8,"date":"2014-08-13T09:38:38","date_gmt":"2014-08-13T09:38:38","guid":{"rendered":"http:\/\/37.59.110.24\/wordpress\/?page_id=6"},"modified":"2023-04-05T11:13:09","modified_gmt":"2023-04-05T08:13:09","slug":"kontaktuppgifter","status":"publish","type":"page","link":"https:\/\/awanic.fi\/swe\/kontaktuppgifter\/","title":{"rendered":"Kontaktuppgifter"},"content":{"rendered":"<div class=\"fusion-content-boxes content-boxes columns fusion-columns-3 fusion-content-boxes-1 content-boxes-icon-with-title row\">\n<div class=\"fusion-column content-box-column content-box-column-1 col-lg-4 col-md-4 col-sm-4\"><div class=\"col content-wrapper\"><div class=\"heading heading-with-icon\"><div class=\"icon\"><i style=\"border-color:#1a80b6;;background-color:#1a80b6;;\" class=\"fa fontawesome-icon medium fa-users circle-yes\"><\/i><\/div><h2 class=\"content-box-heading\">HaiPro och andra produkter<\/h2><\/div><div class=\"content-container\">F\u00f6rfr\u00e5gan och anbudsbeg\u00e4ran av informationssystemprodukterna:<br \/>\n<a style=\"color: #006699;\" href=\"mailto:tuotteet@awanic.fi\">tuotteet@awanic.fi<\/a><\/div><\/div><\/div>\n<div class=\"fusion-column content-box-column content-box-column-2 col-lg-4 col-md-4 col-sm-4\"><div class=\"col content-wrapper\"><div class=\"heading heading-with-icon\"><div class=\"icon\"><i style=\"border-color:#1a80b6;;background-color:#1a80b6;;\" class=\"fa fontawesome-icon medium fa-graduation-cap circle-yes\"><\/i><\/div><h2 class=\"content-box-heading\">LOVe &amp; S\u00c4Ve<\/h2><\/div><div class=\"content-container\">LOVe -f\u00f6rfr\u00e5gan och anbudsbeg\u00e4ran:<br \/>\n<a style=\"color: #006699;\" href=\"mailto:love@awanic.fi\">love@awanic.fi<\/a><\/p>\n<p>S\u00c4Ve -f\u00f6rfr\u00e5gan och anbudsbeg\u00e4ran:<br \/>\n<a style=\"color: #006699;\" href=\"mailto:save@awanic.fi\">save@awanic.fi<\/a><\/div><\/div><\/div>\n<div class=\"fusion-column content-box-column content-box-column-3 col-lg-4 col-md-4 col-sm-4\"><div class=\"col content-wrapper\"><div class=\"heading heading-with-icon\"><div class=\"icon\"><i style=\"border-color:#1a80b6;;background-color:#1a80b6;;\" class=\"fa fontawesome-icon medium fa-car circle-yes fa-flip-horizontal\"><\/i><\/div><h2 class=\"content-box-heading\">L\u00e4ge<\/h2><\/div><div class=\"content-container\">Kontoret av Awanic Ab ligger i Tammerfors stadsk\u00e4rna, p\u00e5 adressen Rautatienkatu 26 B 32, mittemot j\u00e4rnv\u00e4gsstationen.<\/div><\/div><\/div><div class=\"fusion-clearfix\"><\/div>\n<div class=\"fusion-clearfix\"><\/div><\/div>\n<div class=\"fusion-fullwidth fullwidth-box\" style=\"background-attachment:scroll;background-position:left top;background-repeat:no-repeat;-webkit-background-size:cover;-moz-background-size:cover;-o-background-size:cover;background-size:cover;border-color:#eae9e9;border-bottom-width: 0px;border-top-width: 0px;border-bottom-style: solid;border-top-style: solid;padding-bottom:20px;padding-top:20px;\"><div class=\"avada-row\"><iframe loading=\"lazy\" style=\"border: 0;\" src=\"https:\/\/www.google.com\/maps\/embed\/v1\/search?q=Rautatienkatu+20,+Tampere,+Finland&amp;key=AIzaSyBKumYLSCYVvlyB8gfowPVkwv5882Fgczg\" width=\"100%\" height=\"100%\" frameborder=\"0\" allowfullscreen=\"allowfullscreen\"><\/iframe> <\/div><\/div>\n","protected":false},"excerpt":{"rendered":"","protected":false},"author":1,"featured_media":0,"parent":0,"menu_order":0,"comment_status":"open","ping_status":"open","template":"full-width.php","meta":{"footnotes":""},"_links":{"self":[{"href":"https:\/\/awanic.fi\/swe\/wp-json\/wp\/v2\/pages\/8"}],"collection":[{"href":"https:\/\/awanic.fi\/swe\/wp-json\/wp\/v2\/pages"}],"about":[{"href":"https:\/\/awanic.fi\/swe\/wp-json\/wp\/v2\/types\/page"}],"author":[{"embeddable":true,"href":"https:\/\/awanic.fi\/swe\/wp-json\/wp\/v2\/users\/1"}],"replies":[{"embeddable":true,"href":"https:\/\/awanic.fi\/swe\/wp-json\/wp\/v2\/comments?post=8"}],"version-history":[{"count":15,"href":"https:\/\/awanic.fi\/swe\/wp-json\/wp\/v2\/pages\/8\/revisions"}],"predecessor-version":[{"id":123,"href":"https:\/\/awanic.fi\/swe\/wp-json\/wp\/v2\/pages\/8\/revisions\/123"}],"wp:attachment":[{"href":"https:\/\/awanic.fi\/swe\/wp-json\/wp\/v2\/media?parent=8"}],"curies":[{"name":"wp","href":"https:\/\/api.w.org\/{rel}","templated":true}]}}