{"id":9,"date":"2014-08-13T09:40:23","date_gmt":"2014-08-13T09:40:23","guid":{"rendered":"http:\/\/37.59.110.24\/wordpress\/?page_id=9"},"modified":"2021-01-25T15:04:16","modified_gmt":"2021-01-25T12:04:16","slug":"awanic-oy-helppokayttoisia-tietokantapohjaisia-ratkaisuja-turvallisuuden-ja-laadun-hallintaan","status":"publish","type":"page","link":"https:\/\/awanic.fi\/swe\/","title":{"rendered":"L\u00e4tthanterliga, webbaserade l\u00f6sningar f\u00f6r hantering av s\u00e4kerhet och kvalitet"},"content":{"rendered":"<div class=\"fusion-one-half one_half fusion-column\" id=\"awanic\"><span style=\"color: #000000;\"> Vi erbjuder och utvecklar databasdrivna webbapplikationer till behov av privata och offentliga sektor. V\u00e5r huvudprodukt \u00e4r <a style=\"color: #006699;\" href=\"http:\/\/awanic.com\/haipro\/swe\">HaiPro<\/a>, enkel att anv\u00e4nda och prisv\u00e4rd l\u00f6sning f\u00f6r rapportering av negativa h\u00e4ndelser inom patient\u2013 och personals\u00e4kerhet. Dessutom erbjuder vi n\u00e4tutbildningsmaterial, t.ex. LOVe f\u00f6r att uppr\u00e4tth\u00e5lla yrkeskompetens inom l\u00e4kemedelsbehandling.<\/span><\/div>\n<div class=\"fusion-one-half one_half fusion-column last\">HaiPro \u00e4r ett tillv\u00e4gag\u00e5ngs\u00e4tt och en informationsteknologisk l\u00f6sning f\u00f6r rapportering av ogynnsamma h\u00e4ndelser och farliga situationer som kan \u00e4ventyra patients\u00e4kerheten inom social- och h\u00e4lsov\u00e5rden. HaiPro verktyget anv\u00e4nds vid mer \u00e4n<span style=\"color: #000000;\">\u00a0<a style=\"color: #006699;\" href=\"http:\/\/awanic.com\/wordpress\/wp-content\/uploads\/2020\/07\/HaiPro-Levinneisyyskartta-27052020.jpg\" target=\"_blank\" rel=\"noopener noreferrer\">200 h\u00e4lso \u2013 och socialv\u00e5rdenheter<\/a> i hela landet. Det totala antalet anv\u00e4ndare \u00e4r \u00f6ver 160 000. Enheterna varierar i storlek fr\u00e5n h\u00e4lsov\u00e5rdcentraler till sjukv\u00e5rdsdistrikt. HaiPro \u2013 rapporteringssystemet \u00e4r avsett f\u00f6r intern utveckling. Ocks\u00e5 arbetarskyddsrapportering kan anslutas till systemet vid behov. <\/span><\/div><div class=\"fusion-clearfix\"><\/div>\n<div class=\"fusion-testimonials fusion-testimonials-1 testimonials_etusivu\"><style type='text\/css'>\n\t\t.fusion-testimonials.fusion-testimonials-1 .author:after{border-top-color:#f6f6f6 !important;}\n\t\t<\/style>\n\t\t<div class=\"reviews\">\n<div class=\"review male\"><blockquote><q style=\"background-color:#f6f6f6;color:#747474;\">En bra webbapplication \u00e4r enligt v\u00e5ra mening och erfarenhet: l\u00e4tt att anv\u00e4nda, l\u00e4tt att installera, enkel att redigera, utvecklad i samarbete med anv\u00e4ndarna, kostnadseffektiv och tillf\u00f6rlitlig.<\/q><\/blockquote><div class=\"author\"><span class=\"testimonial-thumbnail doe\"><\/span><span class=\"company-name\"><strong>Jarkko Wallenius, Awanic Oy<\/strong><\/span><\/div><\/div>\n<\/div><\/div>\n<div class=\"fusion-flip-boxes flip-boxes row\" id=\"tuotteet\">\n<div class=\"fusion-flip-box-wrapper col-lg-4 col-md-4 col-sm-4\"><div class=\"fusion-flip-box\"><div class=\"flip-box-inner-wrapper\"><div class=\"flip-box-front\" style=\"background-color:#f6f6f6;border-color:transparent;border-radius:4px;border-style:solid;border-width:1px;color:#747474;\"><div class=\"flip-box-front-inner\"><div class=\"flip-box-grafix flip-box-circle\" style=\"background-color:#1a80b6;;border-color:#1a80b6;;\"><i class=\"fa fa-bar-chart-o\" style=\"color:#ffffff;\"><\/i><\/div><h2 class=\"flip-box-heading\" style=\"color:#333333;\">HaiPro<\/h2>HaiPro \u00e4r en l\u00e4tthanterlig och kostnadseffektiv l\u00f6sning f\u00f6r rapportering av negativa h\u00e4ndelser och farliga situationer inom patient- och arbetss\u00e4kerhet.<\/div><\/div><div class=\"flip-box-back\" style=\"background-color:#1a80b6;border-color:transparent;border-radius:4px;border-style:solid;border-width:1px;color:#ffffff;\"><div class=\"flip-box-back-inner\"><h3 class=\"flip-box-heading-back\" style=\"color:#eeeded;\">Rapportering av avvikelser<\/h3>HaiPro \u00e4r en tillv\u00e4gag\u00e5ngs\u00e4tt och informationsteknologisk l\u00f6sning f\u00f6r rapportering av negativa h\u00e4ndelser och farliga situationer inom patients\u00e4kerhet. HaiPro verktyget anv\u00e4nds i mer \u00e4n 200 h\u00e4lso \u2013 och socialv\u00e5rdenheter i hela landet.<\/p>\n<p><a style=\"font-weight: bold; color: white;\" href=\"http:\/\/awanic.com\/swe\/produkter-och-service#haipro\"><br \/>\nL\u00e4s mer!<\/a><br \/>\n<\/div><\/div><\/div><\/div><\/div>\n<div class=\"fusion-flip-box-wrapper col-lg-4 col-md-4 col-sm-4\"><div class=\"fusion-flip-box\"><div class=\"flip-box-inner-wrapper\"><div class=\"flip-box-front\" style=\"background-color:#f6f6f6;border-color:transparent;border-radius:4px;border-style:solid;border-width:1px;color:#747474;\"><div class=\"flip-box-front-inner\"><div class=\"flip-box-grafix flip-box-circle\" style=\"background-color:#1a80b6;;border-color:#1a80b6;;\"><i class=\"fa fa-check-square-o\" style=\"color:#ffffff;\"><\/i><\/div><h2 class=\"flip-box-heading\" style=\"color:#333333;\">QPro &amp; QPro Feedback<\/h2>Systemet kan anv\u00e4ndas f\u00f6r att samla in och klassificera t.ex. kund eller patient feedback. Med hj\u00e4lp av QPro-verktyget kan organisationen skapa och publicera bl.a. s\u00e4kerhetsf\u00f6rfr\u00e5gningar. QPRo Feedback \u00e4r ett feedback system som kan integreras med HaiPro systemet, s\u00e5 att en gemensam organisationstr\u00e4d, anv\u00e4ndarkontot och behandlingsprocess kan utnyttjas.<\/div><\/div><div class=\"flip-box-back\" style=\"background-color:#1a80b6;border-color:transparent;border-radius:4px;border-style:solid;border-width:1px;color:#ffffff;\"><div class=\"flip-box-back-inner\"><h3 class=\"flip-box-heading-back\" style=\"color:#eeeded;\">Sammanfattning av responsen<\/h3>QPro Feedback \u00e4r ett feedback system som kan integreras med HaiPro systemet, s\u00e5 att en gemensam organisationstr\u00e4d, anv\u00e4ndarkontot och behandlingsprocess kan utnyttjas. Systemet kan anv\u00e4ndas f\u00f6r att samla in och klassificera t.ex. kund eller patient feedback.<\/p>\n<p><a style=\"font-weight: bold; color: white;\" href=\"http:\/\/awanic.com\/swe\/produkter-och-service#qpro\"><br \/>\nL\u00e4s mer!<\/a><br \/>\n<\/div><\/div><\/div><\/div><\/div>\n<div class=\"fusion-flip-box-wrapper col-lg-4 col-md-4 col-sm-4\"><div class=\"fusion-flip-box\"><div class=\"flip-box-inner-wrapper\"><div class=\"flip-box-front\" style=\"background-color:#f6f6f6;border-color:transparent;border-radius:4px;border-style:solid;border-width:1px;color:#747474;\"><div class=\"flip-box-front-inner\"><div class=\"flip-box-grafix flip-box-circle\" style=\"background-color:#1a80b6;;border-color:#1a80b6;;\"><i class=\"fa fa-bar-chart-o\" style=\"color:#ffffff;\"><\/i><\/div><h2 class=\"flip-box-heading\" style=\"color:#333333;\">PotRa<\/h2>PotRa \u00e4r en registrerings- och rapporteringsplattform f\u00f6r patientombudsm\u00e4n. I systemet kan lagras kontakter fr\u00e5n patienter och klassificera de samt registrera \u00e5tg\u00e4rder.<\/div><\/div><div class=\"flip-box-back\" style=\"background-color:#1a80b6;border-color:transparent;border-radius:4px;border-style:solid;border-width:1px;color:#ffffff;\"><div class=\"flip-box-back-inner\"><h3 class=\"flip-box-heading-back\" style=\"color:#eeeded;\">Registrerings- och rapporteringsplattform f\u00f6r patientombudsm\u00e4n<\/h3>L\u00e4tt att anv\u00e4nda, ingen installation kr\u00e4vs, bara internet uppkoppling och en webl\u00e4sare beh\u00f6vs , lagring av kontakter, handl\u00e4ggning och klassificering, realtidsrapporter, kan integreras med HaiPros anv\u00e4ndaruppgifter<\/p>\n<p><a style=\"font-weight: bold; color: white;\" href=\"http:\/\/awanic.com\/swe\/produkter-och-service#potra\"><br \/>\nL\u00e4s mer!<\/a><br \/>\n<\/div><\/div><\/div><\/div><\/div>\n<\/div><div class=\"fusion-clearfix\"><\/div>\n<div class=\"fusion-flip-boxes flip-boxes row\">\n<div class=\"fusion-flip-box-wrapper col-lg-4 col-md-4 col-sm-4\"><div class=\"fusion-flip-box\"><div class=\"flip-box-inner-wrapper\"><div class=\"flip-box-front\" style=\"background-color:#f6f6f6;border-color:transparent;border-radius:4px;border-style:solid;border-width:1px;color:#747474;\"><div class=\"flip-box-front-inner\"><div class=\"flip-box-grafix flip-box-circle\" style=\"background-color:#1a80b6;;border-color:#1a80b6;;\"><i class=\"fa fa-graduation-cap\" style=\"color:#ffffff;\"><\/i><\/div><h2 class=\"flip-box-heading\" style=\"color:#333333;\">LOVe \u2013 n\u00e4tutbildning i l\u00e4kemedelsbehandling<\/h2>LOVe-n\u00e4tutbildningsmaterial \u00e4r avsedd f\u00f6r personal inom social- och h\u00e4lsov\u00e5rden som genomf\u00f6r l\u00e4kemedelsbehandling. Materialet har producerats av Kuopio universitetssjukhus (KYS) och dess samarbetspartner.<\/div><\/div><div class=\"flip-box-back\" style=\"background-color:#1a80b6;border-color:transparent;border-radius:4px;border-style:solid;border-width:1px;color:#ffffff;\"><div class=\"flip-box-back-inner\"><h3 class=\"flip-box-heading-back\" style=\"color:#eeeded;\">LOVe \u2013 n\u00e4tutbildning i l\u00e4kemedelsbehandling<\/h3>Utbildningsmaterialet \u00e4r baserat p\u00e5 Social- och h\u00e4lsov\u00e5rdsministeriets handbok f\u00f6r S\u00e4ker l\u00e4kemedelsbehandling, och ger m\u00f6jligheten att uppr\u00e4tth\u00e5lla yrkeskompetens. Studiematerialet anv\u00e4nds omfattande i Finland.<\/p>\n<p><a style=\"font-weight: bold; color: white;\" href=\"http:\/\/awanic.com\/swe\/produkter-och-service#love\"><br \/>\nL\u00e4s mer!<\/a><br \/>\n<\/div><\/div><\/div><\/div><\/div>\n<div class=\"fusion-flip-box-wrapper col-lg-4 col-md-4 col-sm-4\"><div class=\"fusion-flip-box\"><div class=\"flip-box-inner-wrapper\"><div class=\"flip-box-front\" style=\"background-color:#f6f6f6;border-color:transparent;border-radius:4px;border-style:solid;border-width:1px;color:#747474;\"><div class=\"flip-box-front-inner\"><div class=\"flip-box-grafix flip-box-circle\" style=\"background-color:#1a80b6;;border-color:#1a80b6;;\"><i class=\"fa fa-graduation-cap\" style=\"color:#ffffff;\"><\/i><\/div><h2 class=\"flip-box-heading\" style=\"color:#333333;\">S\u00c4Ve eller str\u00e5lskydd n\u00e4tutbildning<\/h2>Sakkunniga fr\u00e5n Mellersta Finlands sjukv\u00e5rdsdistrikt har producerat materialet f\u00f6r S\u00c4Ve eller str\u00e5lskydd n\u00e4tutbildning. Kursens material motsvarar STUK:s anvisningar om fortbildning (1.7.). I den h\u00e4r kursen kan olika yrkesgrupper utf\u00f6ra delar av fortbildningsplikten.<\/div><\/div><div class=\"flip-box-back\" style=\"background-color:#1a80b6;border-color:transparent;border-radius:4px;border-style:solid;border-width:1px;color:#ffffff;\"><div class=\"flip-box-back-inner\"><h3 class=\"flip-box-heading-back\" style=\"color:#eeeded;\">S\u00c4Ve eller str\u00e5lskydd n\u00e4tutbildning<\/h3>Kursen inneh\u00e5ller en n\u00e4ttentamen med vilken studerande kan testa sina kunskaper. S\u00c4Ve eller str\u00e5lskydd n\u00e4tutbildning \u00e4r avsedd f\u00f6r alla som arbetar med str\u00e5lning.<\/p>\n<p><a style=\"font-weight: bold; color: white;\" href=\"http:\/\/awanic.com\/swe\/produkter-och-service#save\"><br \/>\nL\u00e4s mer!<\/a><br \/>\n<\/div><\/div><\/div><\/div><\/div>\n<\/div><div class=\"fusion-clearfix\"><\/div>\n<style type='text\/css'>.reading-box-container-1 .element-bottomshadow:before,.reading-box-container-1 .element-bottomshadow:after{opacity:0.1;}<\/style><div class=\"fusion-reading-box-container reading-box-container-1\"><section class=\"reading-box\" style=\"background-color:#f6f6f6;border-width:1px;border-color:#f6f6f6;border-top-width:3px;border-top-color:#1a80b6;border-style:solid;\"><a class=\"button fusion-button button-default default button-square button-large large button-flat continue continue-right\" href=\"?page_id=8\" target=\"_self\" type=\"button\"><span>Kontakta oss!<\/span><\/a><h2>Kontakta oss, om du vill ha mer information om v\u00e5ra produkter och service!<\/h2><a class=\"button fusion-button button-default default button-square button-large large button-flat mobile-button continue-right\" href=\"?page_id=8\" target=\"_self\" type=\"button\"><span>Kontakta oss!<\/span><\/a><\/section><\/div>\n","protected":false},"excerpt":{"rendered":"","protected":false},"author":1,"featured_media":0,"parent":0,"menu_order":0,"comment_status":"open","ping_status":"open","template":"full-width.php","meta":{"footnotes":""},"_links":{"self":[{"href":"https:\/\/awanic.fi\/swe\/wp-json\/wp\/v2\/pages\/9"}],"collection":[{"href":"https:\/\/awanic.fi\/swe\/wp-json\/wp\/v2\/pages"}],"about":[{"href":"https:\/\/awanic.fi\/swe\/wp-json\/wp\/v2\/types\/page"}],"author":[{"embeddable":true,"href":"https:\/\/awanic.fi\/swe\/wp-json\/wp\/v2\/users\/1"}],"replies":[{"embeddable":true,"href":"https:\/\/awanic.fi\/swe\/wp-json\/wp\/v2\/comments?post=9"}],"version-history":[{"count":16,"href":"https:\/\/awanic.fi\/swe\/wp-json\/wp\/v2\/pages\/9\/revisions"}],"predecessor-version":[{"id":121,"href":"https:\/\/awanic.fi\/swe\/wp-json\/wp\/v2\/pages\/9\/revisions\/121"}],"wp:attachment":[{"href":"https:\/\/awanic.fi\/swe\/wp-json\/wp\/v2\/media?parent=9"}],"curies":[{"name":"wp","href":"https:\/\/api.w.org\/{rel}","templated":true}]}}